{"id":532,"date":"2021-05-16T18:27:49","date_gmt":"2021-05-16T15:27:49","guid":{"rendered":"http:\/\/zpr.com.tr\/?page_id=532"},"modified":"2021-05-16T19:17:29","modified_gmt":"2021-05-16T16:17:29","slug":"kurumsal","status":"publish","type":"page","link":"https:\/\/zpr.com.tr\/index.php\/kurumsal\/","title":{"rendered":"Kurumsal"},"content":{"rendered":"\t\t<div data-elementor-type=\"wp-page\" data-elementor-id=\"532\" class=\"elementor elementor-532\">\n\t\t\t\t\t\t<section class=\"elementor-section elementor-top-section elementor-element elementor-element-de78bbd elementor-section-full_width elementor-section-height-default elementor-section-height-default\" data-id=\"de78bbd\" data-element_type=\"section\" data-e-type=\"section\">\n\t\t\t\t\t\t<div class=\"elementor-container elementor-column-gap-no\">\n\t\t\t\t\t<div class=\"elementor-column elementor-col-100 elementor-top-column elementor-element elementor-element-87a84ed\" data-id=\"87a84ed\" data-element_type=\"column\" data-e-type=\"column\">\n\t\t\t<div class=\"elementor-widget-wrap elementor-element-populated\">\n\t\t\t\t\t\t<div class=\"elementor-element elementor-element-04d1d4b elementor-widget elementor-widget-image\" data-id=\"04d1d4b\" data-element_type=\"widget\" data-e-type=\"widget\" data-widget_type=\"image.default\">\n\t\t\t\t<div class=\"elementor-widget-container\">\n\t\t\t\t\t\t\t\t\t\t\t\t\t\t\t<img fetchpriority=\"high\" decoding=\"async\" width=\"1904\" height=\"95\" src=\"https:\/\/zpr.com.tr\/wp-content\/uploads\/2021\/05\/header.jpg\" class=\"attachment-full size-full wp-image-549\" alt=\"\" srcset=\"https:\/\/zpr.com.tr\/wp-content\/uploads\/2021\/05\/header.jpg 1904w, https:\/\/zpr.com.tr\/wp-content\/uploads\/2021\/05\/header-300x15.jpg 300w, https:\/\/zpr.com.tr\/wp-content\/uploads\/2021\/05\/header-1024x51.jpg 1024w, https:\/\/zpr.com.tr\/wp-content\/uploads\/2021\/05\/header-768x38.jpg 768w, https:\/\/zpr.com.tr\/wp-content\/uploads\/2021\/05\/header-1536x77.jpg 1536w\" sizes=\"(max-width: 1904px) 100vw, 1904px\" \/>\t\t\t\t\t\t\t\t\t\t\t\t\t\t\t<\/div>\n\t\t\t\t<\/div>\n\t\t\t\t\t<\/div>\n\t\t<\/div>\n\t\t\t\t\t<\/div>\n\t\t<\/section>\n\t\t\t\t<section class=\"elementor-section elementor-top-section elementor-element elementor-element-2465d2b elementor-section-boxed elementor-section-height-default elementor-section-height-default\" data-id=\"2465d2b\" data-element_type=\"section\" data-e-type=\"section\">\n\t\t\t\t\t\t<div class=\"elementor-container elementor-column-gap-default\">\n\t\t\t\t\t<div class=\"elementor-column elementor-col-100 elementor-top-column elementor-element elementor-element-ff5bb4a\" data-id=\"ff5bb4a\" data-element_type=\"column\" data-e-type=\"column\">\n\t\t\t<div class=\"elementor-widget-wrap elementor-element-populated\">\n\t\t\t\t\t\t<section class=\"elementor-section elementor-inner-section elementor-element elementor-element-e730687 elementor-section-boxed elementor-section-height-default elementor-section-height-default\" data-id=\"e730687\" data-element_type=\"section\" data-e-type=\"section\">\n\t\t\t\t\t\t<div class=\"elementor-container elementor-column-gap-default\">\n\t\t\t\t\t<div class=\"elementor-column elementor-col-50 elementor-inner-column elementor-element elementor-element-47bafab\" data-id=\"47bafab\" data-element_type=\"column\" data-e-type=\"column\">\n\t\t\t<div class=\"elementor-widget-wrap elementor-element-populated\">\n\t\t\t\t\t\t<div class=\"elementor-element elementor-element-e3d524a elementor-widget elementor-widget-image\" data-id=\"e3d524a\" data-element_type=\"widget\" data-e-type=\"widget\" data-widget_type=\"image.default\">\n\t\t\t\t<div class=\"elementor-widget-container\">\n\t\t\t\t\t\t\t\t\t\t\t\t\t\t\t<img decoding=\"async\" width=\"500\" height=\"300\" src=\"https:\/\/zpr.com.tr\/wp-content\/uploads\/2021\/05\/bahce-bakimi-ve-peyzaj-duzenlemesi-okka.jpg\" class=\"attachment-large size-large wp-image-519\" alt=\"\" srcset=\"https:\/\/zpr.com.tr\/wp-content\/uploads\/2021\/05\/bahce-bakimi-ve-peyzaj-duzenlemesi-okka.jpg 500w, https:\/\/zpr.com.tr\/wp-content\/uploads\/2021\/05\/bahce-bakimi-ve-peyzaj-duzenlemesi-okka-300x180.jpg 300w\" sizes=\"(max-width: 500px) 100vw, 500px\" \/>\t\t\t\t\t\t\t\t\t\t\t\t\t\t\t<\/div>\n\t\t\t\t<\/div>\n\t\t\t\t\t<\/div>\n\t\t<\/div>\n\t\t\t\t<div class=\"elementor-column elementor-col-50 elementor-inner-column elementor-element elementor-element-f2e670a\" data-id=\"f2e670a\" data-element_type=\"column\" data-e-type=\"column\">\n\t\t\t<div class=\"elementor-widget-wrap elementor-element-populated\">\n\t\t\t\t\t\t<div class=\"elementor-element elementor-element-a9ee1df elementor-widget elementor-widget-heading\" data-id=\"a9ee1df\" data-element_type=\"widget\" data-e-type=\"widget\" data-widget_type=\"heading.default\">\n\t\t\t\t<div class=\"elementor-widget-container\">\n\t\t\t\t\t<h2 class=\"elementor-heading-title elementor-size-default\">Hakk\u0131m\u0131zda<\/h2>\t\t\t\t<\/div>\n\t\t\t\t<\/div>\n\t\t\t\t<div class=\"elementor-element elementor-element-cda4f9e elementor-widget elementor-widget-text-editor\" data-id=\"cda4f9e\" data-element_type=\"widget\" data-e-type=\"widget\" data-widget_type=\"text-editor.default\">\n\t\t\t\t<div class=\"elementor-widget-container\">\n\t\t\t\t\t\t\t\t\t<div class=\"page-body\"><div class=\"std\">2007 y\u0131l\u0131nda Fidancilar.com ad\u0131 ile kurulan internet sitemiz, 2014 y\u0131l\u0131na kadar fidanc\u0131l\u0131k sekt\u00f6r\u00fc \u00fczerine kurulmu\u015f firmalar\u0131n rehber sitesi olarak faaliyet g\u00f6stermekteydi. Sahip oldu\u011fumuz bu g\u00fc\u00e7l\u00fc ileti\u015fim kaynaklar\u0131n\u0131 arkam\u0131za alarak, 2015 y\u0131l\u0131nda yeni bir y\u00fcz ile e-ticaret alan\u0131nda hizmet vermeye ba\u015flad\u0131k. Ticaretin g\u00fcn ge\u00e7tik\u00e7e elektronik ortamlarda daha da yayg\u0131nla\u015fmas\u0131 sonucu olarak bizde bu alandaki yerimizi bu \u015fekilde ald\u0131k. \u00dcreticilerimizin en g\u00fczel, sa\u011fl\u0131kl\u0131 \u00fcr\u00fcnlerini \u00f6zenle se\u00e7erek \u00fcr\u00fcn yelpazemizi her ge\u00e7en g\u00fcn geni\u015fletiyoruz. Bu alanda m\u00fc\u015fterilerimizin ihtiya\u00e7 duyabilece\u011fi \u00fcr\u00fcn ve hizmetleri vermeye haz\u0131r\u0131z.<\/div><\/div><div class=\"page-body\"><div class=\"std\"><br \/><br \/><strong>Misyonumuz<\/strong>\u00a0<br \/><br \/>Ko\u015fulsuz memnuniyet ile verdi\u011fimiz t\u00fcm hizmetlerde en iyisi olarak do\u011fada sa\u011fl\u0131kl\u0131 \u00fcr\u00fcnler yeti\u015ftirilmesi i\u00e7in en h\u0131zl\u0131, en kaliteli ve en g\u00fcvenilir hizmetleri sunmak.\u00a0<br \/><br \/><br \/><strong>Vizyonumuz<\/strong>\u00a0<br \/><br \/>Siz de\u011ferli m\u00fc\u015fterilerimizin beklentilerini maksimum seviyede kar\u015f\u0131layarak g\u00fcvenilir, ahlakl\u0131 ve m\u00fc\u015fteri memnuniyeti odakl\u0131 \u00e7al\u0131\u015fma stratejimiz ile rekabet\u00e7i b\u00fcy\u00fcme potansiyelimizde en iyisi olmak.<\/div><\/div>\t\t\t\t\t\t\t\t<\/div>\n\t\t\t\t<\/div>\n\t\t\t\t\t<\/div>\n\t\t<\/div>\n\t\t\t\t\t<\/div>\n\t\t<\/section>\n\t\t\t\t\t<\/div>\n\t\t<\/div>\n\t\t\t\t\t<\/div>\n\t\t<\/section>\n\t\t\t\t<\/div>\n\t\t","protected":false},"excerpt":{"rendered":"<p>Hakk\u0131m\u0131zda 2007 y\u0131l\u0131nda Fidancilar.com ad\u0131 ile kurulan internet sitemiz, 2014 y\u0131l\u0131na kadar fidanc\u0131l\u0131k sekt\u00f6r\u00fc \u00fczerine kurulmu\u015f firmalar\u0131n rehber sitesi olarak faaliyet g\u00f6stermekteydi. Sahip oldu\u011fumuz bu g\u00fc\u00e7l\u00fc ileti\u015fim kaynaklar\u0131n\u0131 arkam\u0131za alarak, 2015 y\u0131l\u0131nda yeni bir y\u00fcz ile e-ticaret alan\u0131nda hizmet vermeye ba\u015flad\u0131k. Ticaretin g\u00fcn ge\u00e7tik\u00e7e elektronik ortamlarda daha da yayg\u0131nla\u015fmas\u0131 sonucu olarak bizde bu alandaki yerimizi [&hellip;]<\/p>\n","protected":false},"author":1,"featured_media":0,"parent":0,"menu_order":0,"comment_status":"closed","ping_status":"closed","template":"","meta":{"ocean_post_layout":"full-screen","ocean_both_sidebars_style":"","ocean_both_sidebars_content_width":0,"ocean_both_sidebars_sidebars_width":0,"ocean_sidebar":"0","ocean_second_sidebar":"0","ocean_disable_margins":"on","ocean_add_body_class":"","ocean_shortcode_before_top_bar":"","ocean_shortcode_after_top_bar":"","ocean_shortcode_before_header":"","ocean_shortcode_after_header":"","ocean_has_shortcode":"","ocean_shortcode_after_title":"","ocean_shortcode_before_footer_widgets":"","ocean_shortcode_after_footer_widgets":"","ocean_shortcode_before_footer_bottom":"","ocean_shortcode_after_footer_bottom":"","ocean_display_top_bar":"default","ocean_display_header":"default","ocean_header_style":"","ocean_center_header_left_menu":"0","ocean_custom_header_template":"0","ocean_custom_logo":0,"ocean_custom_retina_logo":0,"ocean_custom_logo_max_width":0,"ocean_custom_logo_tablet_max_width":0,"ocean_custom_logo_mobile_max_width":0,"ocean_custom_logo_max_height":0,"ocean_custom_logo_tablet_max_height":0,"ocean_custom_logo_mobile_max_height":0,"ocean_header_custom_menu":"0","ocean_menu_typo_font_family":"0","ocean_menu_typo_font_subset":"","ocean_menu_typo_font_size":0,"ocean_menu_typo_font_size_tablet":0,"ocean_menu_typo_font_size_mobile":0,"ocean_menu_typo_font_size_unit":"px","ocean_menu_typo_font_weight":"","ocean_menu_typo_font_weight_tablet":"","ocean_menu_typo_font_weight_mobile":"","ocean_menu_typo_transform":"","ocean_menu_typo_transform_tablet":"","ocean_menu_typo_transform_mobile":"","ocean_menu_typo_line_height":0,"ocean_menu_typo_line_height_tablet":0,"ocean_menu_typo_line_height_mobile":0,"ocean_menu_typo_line_height_unit":"","ocean_menu_typo_spacing":0,"ocean_menu_typo_spacing_tablet":0,"ocean_menu_typo_spacing_mobile":0,"ocean_menu_typo_spacing_unit":"","ocean_menu_link_color":"","ocean_menu_link_color_hover":"","ocean_menu_link_color_active":"","ocean_menu_link_background":"","ocean_menu_link_hover_background":"","ocean_menu_link_active_background":"","ocean_menu_social_links_bg":"","ocean_menu_social_hover_links_bg":"","ocean_menu_social_links_color":"","ocean_menu_social_hover_links_color":"","ocean_disable_title":"on","ocean_disable_heading":"default","ocean_post_title":"","ocean_post_subheading":"","ocean_post_title_style":"","ocean_post_title_background_color":"","ocean_post_title_background":0,"ocean_post_title_bg_image_position":"","ocean_post_title_bg_image_attachment":"","ocean_post_title_bg_image_repeat":"","ocean_post_title_bg_image_size":"","ocean_post_title_height":0,"ocean_post_title_bg_overlay":0.5,"ocean_post_title_bg_overlay_color":"","ocean_disable_breadcrumbs":"default","ocean_breadcrumbs_color":"","ocean_breadcrumbs_separator_color":"","ocean_breadcrumbs_links_color":"","ocean_breadcrumbs_links_hover_color":"","ocean_display_footer_widgets":"default","ocean_display_footer_bottom":"default","ocean_custom_footer_template":"0","footnotes":""},"class_list":["post-532","page","type-page","status-publish","hentry","entry"],"_links":{"self":[{"href":"https:\/\/zpr.com.tr\/index.php\/wp-json\/wp\/v2\/pages\/532","targetHints":{"allow":["GET"]}}],"collection":[{"href":"https:\/\/zpr.com.tr\/index.php\/wp-json\/wp\/v2\/pages"}],"about":[{"href":"https:\/\/zpr.com.tr\/index.php\/wp-json\/wp\/v2\/types\/page"}],"author":[{"embeddable":true,"href":"https:\/\/zpr.com.tr\/index.php\/wp-json\/wp\/v2\/users\/1"}],"replies":[{"embeddable":true,"href":"https:\/\/zpr.com.tr\/index.php\/wp-json\/wp\/v2\/comments?post=532"}],"version-history":[{"count":11,"href":"https:\/\/zpr.com.tr\/index.php\/wp-json\/wp\/v2\/pages\/532\/revisions"}],"predecessor-version":[{"id":564,"href":"https:\/\/zpr.com.tr\/index.php\/wp-json\/wp\/v2\/pages\/532\/revisions\/564"}],"wp:attachment":[{"href":"https:\/\/zpr.com.tr\/index.php\/wp-json\/wp\/v2\/media?parent=532"}],"curies":[{"name":"wp","href":"https:\/\/api.w.org\/{rel}","templated":true}]}}